{"id":3373,"date":"2016-08-19T17:08:46","date_gmt":"2016-08-19T17:08:46","guid":{"rendered":"http:\/\/www.kemipur.si\/wpstrpo\/?page_id=3373"},"modified":"2016-08-19T17:08:46","modified_gmt":"2016-08-19T17:08:46","slug":"hidropaper","status":"publish","type":"page","link":"https:\/\/www.kemipur.si\/index.php\/proizvodi\/hidropaper\/","title":{"rendered":"HIDROPAPER"},"content":{"rendered":"<div id='layer_slider_1' class='avia-layerslider main_color avia-shadow  container_wrap sidebar_right'    style='height: 151px;' ><\/div>\n<div style='padding-bottom:10px;' class='av-special-heading av-special-heading-h3   '><h3 class='av-special-heading-tag'  itemprop=\"headline\"  >HIDROPAPER<\/h3><div class='special-heading-border'><div class='special-heading-inner-border' ><\/div><\/div><\/div>\n<section class=\"av_textblock_section\"  itemscope=\"itemscope\" itemtype=\"https:\/\/schema.org\/CreativeWork\" ><div class='avia_textblock '   itemprop=\"text\" ><p>Linija HIDROPAPER<br \/>\nzajema \u0161iroko paleto POLIMEROV razli\u010dnega ionskega naboja in razli\u010dne molekulske mase, namenjenih za izbolj\u0161anje retencije vlaken in polnil v papirnem stroju.<\/p>\n<blockquote>\n<p><em>Proizvode linije HIDROPAPER se lahko uporablja kot drena\u017eno sredstvo in v napravah za zadr\u017eevanje vlaken.<\/em><\/p>\n<\/blockquote>\n<\/div><\/section>\n<div  class='hr hr-default '><span class='hr-inner ' ><span class='hr-inner-style'><\/span><\/span><\/div>\n<div class=\"flex_column av_one_half  flex_column_div first  \" ><section class=\"av_textblock_section\"  itemscope=\"itemscope\" itemtype=\"https:\/\/schema.org\/CreativeWork\" ><div class='avia_textblock '   itemprop=\"text\" ><p>HIDROPAPER A \u00a0 \u00a0 \u00a0 \u00a0 \u00a0 \u00a0Anionsko retencijsko sredstvo v prahu<br \/>\nHIDROPAPER C \u00a0 \u00a0 \u00a0 \u00a0 \u00a0 \u00a0Kationski retencijsko sredstvo v prahu<br \/>\nHIDROPAPER LA\u00a0\u00a0\u00a0\u00a0\u00a0\u00a0\u00a0\u00a0\u00a0 Emulzija anionskega retencijskega sredstva<br \/>\nHIDROPAPER LC\u00a0\u00a0\u00a0\u00a0\u00a0\u00a0\u00a0\u00a0\u00a0 Emulzija kationskega retencijskega sredstva<\/p>\n<\/div><\/section><\/div><div class=\"flex_column av_one_half  flex_column_div av-zero-column-padding   \" style='border-radius:0px; '><section class=\"av_textblock_section\"  itemscope=\"itemscope\" itemtype=\"https:\/\/schema.org\/CreativeWork\" ><div class='avia_textblock '   itemprop=\"text\" ><p><strong>SMOLE ZA ODPORNOST PROTI VLAGI<\/strong><\/p>\n<p>So proizvodi na melaminski osnovi, ki se uporabljajo kot dodatki\u00a0v proizvodnji papirja, odpornega proti vlagi.<\/p>\n<p>HIDROPAPER PAE\/M<br \/>\nPoliamidoamin-epiklorhidrinska smola<\/p>\n<p>HIDROPAPER MF 10<br \/>\nMelamin-formaldehidna smola<\/p>\n<p>HIDROPAPER MF 70<br \/>\nMelamin-formaldehidna smola<\/p>\n<\/div><\/section><\/div><div style='padding-bottom:10px;' class='av-special-heading av-special-heading-h4  blockquote modern-quote modern-centered '><h4 class='av-special-heading-tag'  itemprop=\"headline\"  >RAZNI PROIZVODI<\/h4><div class='special-heading-border'><div class='special-heading-inner-border' ><\/div><\/div><\/div><\/p>\n<div class=\"flex_column av_one_half  flex_column_div first  \" ><section class=\"av_textblock_section\"  itemscope=\"itemscope\" itemtype=\"https:\/\/schema.org\/CreativeWork\" ><div class='avia_textblock '   itemprop=\"text\" ><p>Hidropaper SB<br \/>\nProizvod, namenjen pove\u010danju obsega proizvodnje kartona<\/p>\n<p>Hidropaper 990 W<br \/>\nTeko\u010da kationska smola za izbolj\u0161anje vzdr\u017eljivosti papirja in karton<\/p>\n<p>HIDROPAPER PVA<br \/>\nLinija Hidropaper PVA zajema \u0161iroko paleto delno ali popolnoma hidroliziranih proizvodov<\/p>\n<p>HIDROWHITE<br \/>\nLinija Hidrowhite zajema \u0161iroko paleto opti\u010dnih belil za pulpo, premaz ali stiskalni valj.<\/p>\n<\/div><\/section><\/div><div class=\"flex_column av_one_half  flex_column_div   \" ><section class=\"av_textblock_section\"  itemscope=\"itemscope\" itemtype=\"https:\/\/schema.org\/CreativeWork\" ><div class='avia_textblock '   itemprop=\"text\" ><p>HIDROCELL<br \/>\nLinija Hidrocell zajema \u0161iroko paleto surovih pre\u010di\u0161\u010denih ali delno pre\u010di\u0161\u010denih\u00a0 natrijevih karboksimetilceluloz, namenjenih uporabi v papirni industriji za proizvodnjo navadnega, posebnega in premazanega papirja.<\/p>\n<p>HIDROCELL G<br \/>\nCMC-Na surove<\/p>\n<p>HIDROCELL S<br \/>\nCMC-Na delno pre\u010di\u0161\u010dene<\/p>\n<p>HIDROCELL P<br \/>\nCMC-Na pre\u010di\u0161\u010dene<\/p>\n<\/div><\/section><\/div><\/p>\n","protected":false},"excerpt":{"rendered":"","protected":false},"author":1,"featured_media":0,"parent":1122,"menu_order":0,"comment_status":"open","ping_status":"open","template":"","meta":{"footnotes":""},"yoast_head":"<!-- This site is optimized with the Yoast SEO plugin v22.7 - https:\/\/yoast.com\/wordpress\/plugins\/seo\/ -->\n<title>HIDROPAPER - Kemipur.si<\/title>\n<meta name=\"robots\" content=\"index, follow, max-snippet:-1, max-image-preview:large, max-video-preview:-1\" \/>\n<link rel=\"canonical\" href=\"https:\/\/www.kemipur.si\/index.php\/proizvodi\/hidropaper\/\" \/>\n<meta property=\"og:locale\" content=\"en_US\" \/>\n<meta property=\"og:type\" content=\"article\" \/>\n<meta property=\"og:title\" content=\"HIDROPAPER - Kemipur.si\" \/>\n<meta property=\"og:url\" content=\"https:\/\/www.kemipur.si\/index.php\/proizvodi\/hidropaper\/\" \/>\n<meta property=\"og:site_name\" content=\"Kemipur.si\" \/>\n<meta name=\"twitter:card\" content=\"summary_large_image\" \/>\n<meta name=\"twitter:label1\" content=\"Est. reading time\" \/>\n\t<meta name=\"twitter:data1\" content=\"2 minutes\" \/>\n<script type=\"application\/ld+json\" class=\"yoast-schema-graph\">{\"@context\":\"https:\/\/schema.org\",\"@graph\":[{\"@type\":\"WebPage\",\"@id\":\"https:\/\/www.kemipur.si\/index.php\/proizvodi\/hidropaper\/\",\"url\":\"https:\/\/www.kemipur.si\/index.php\/proizvodi\/hidropaper\/\",\"name\":\"HIDROPAPER - Kemipur.si\",\"isPartOf\":{\"@id\":\"https:\/\/www.kemipur.si\/#website\"},\"datePublished\":\"2016-08-19T17:08:46+00:00\",\"dateModified\":\"2016-08-19T17:08:46+00:00\",\"breadcrumb\":{\"@id\":\"https:\/\/www.kemipur.si\/index.php\/proizvodi\/hidropaper\/#breadcrumb\"},\"inLanguage\":\"en-US\",\"potentialAction\":[{\"@type\":\"ReadAction\",\"target\":[\"https:\/\/www.kemipur.si\/index.php\/proizvodi\/hidropaper\/\"]}]},{\"@type\":\"BreadcrumbList\",\"@id\":\"https:\/\/www.kemipur.si\/index.php\/proizvodi\/hidropaper\/#breadcrumb\",\"itemListElement\":[{\"@type\":\"ListItem\",\"position\":1,\"name\":\"Home\",\"item\":\"https:\/\/www.kemipur.si\/\"},{\"@type\":\"ListItem\",\"position\":2,\"name\":\"Proizvodi\",\"item\":\"https:\/\/www.kemipur.si\/index.php\/proizvodi\/\"},{\"@type\":\"ListItem\",\"position\":3,\"name\":\"HIDROPAPER\"}]},{\"@type\":\"WebSite\",\"@id\":\"https:\/\/www.kemipur.si\/#website\",\"url\":\"https:\/\/www.kemipur.si\/\",\"name\":\"Kemipur.si\",\"description\":\"Vse za predelavo vode\",\"potentialAction\":[{\"@type\":\"SearchAction\",\"target\":{\"@type\":\"EntryPoint\",\"urlTemplate\":\"https:\/\/www.kemipur.si\/?s={search_term_string}\"},\"query-input\":\"required name=search_term_string\"}],\"inLanguage\":\"en-US\"}]}<\/script>\n<!-- \/ Yoast SEO plugin. -->","yoast_head_json":{"title":"HIDROPAPER - Kemipur.si","robots":{"index":"index","follow":"follow","max-snippet":"max-snippet:-1","max-image-preview":"max-image-preview:large","max-video-preview":"max-video-preview:-1"},"canonical":"https:\/\/www.kemipur.si\/index.php\/proizvodi\/hidropaper\/","og_locale":"en_US","og_type":"article","og_title":"HIDROPAPER - Kemipur.si","og_url":"https:\/\/www.kemipur.si\/index.php\/proizvodi\/hidropaper\/","og_site_name":"Kemipur.si","twitter_card":"summary_large_image","twitter_misc":{"Est. reading time":"2 minutes"},"schema":{"@context":"https:\/\/schema.org","@graph":[{"@type":"WebPage","@id":"https:\/\/www.kemipur.si\/index.php\/proizvodi\/hidropaper\/","url":"https:\/\/www.kemipur.si\/index.php\/proizvodi\/hidropaper\/","name":"HIDROPAPER - Kemipur.si","isPartOf":{"@id":"https:\/\/www.kemipur.si\/#website"},"datePublished":"2016-08-19T17:08:46+00:00","dateModified":"2016-08-19T17:08:46+00:00","breadcrumb":{"@id":"https:\/\/www.kemipur.si\/index.php\/proizvodi\/hidropaper\/#breadcrumb"},"inLanguage":"en-US","potentialAction":[{"@type":"ReadAction","target":["https:\/\/www.kemipur.si\/index.php\/proizvodi\/hidropaper\/"]}]},{"@type":"BreadcrumbList","@id":"https:\/\/www.kemipur.si\/index.php\/proizvodi\/hidropaper\/#breadcrumb","itemListElement":[{"@type":"ListItem","position":1,"name":"Home","item":"https:\/\/www.kemipur.si\/"},{"@type":"ListItem","position":2,"name":"Proizvodi","item":"https:\/\/www.kemipur.si\/index.php\/proizvodi\/"},{"@type":"ListItem","position":3,"name":"HIDROPAPER"}]},{"@type":"WebSite","@id":"https:\/\/www.kemipur.si\/#website","url":"https:\/\/www.kemipur.si\/","name":"Kemipur.si","description":"Vse za predelavo vode","potentialAction":[{"@type":"SearchAction","target":{"@type":"EntryPoint","urlTemplate":"https:\/\/www.kemipur.si\/?s={search_term_string}"},"query-input":"required name=search_term_string"}],"inLanguage":"en-US"}]}},"jetpack_sharing_enabled":true,"_links":{"self":[{"href":"https:\/\/www.kemipur.si\/index.php\/wp-json\/wp\/v2\/pages\/3373"}],"collection":[{"href":"https:\/\/www.kemipur.si\/index.php\/wp-json\/wp\/v2\/pages"}],"about":[{"href":"https:\/\/www.kemipur.si\/index.php\/wp-json\/wp\/v2\/types\/page"}],"author":[{"embeddable":true,"href":"https:\/\/www.kemipur.si\/index.php\/wp-json\/wp\/v2\/users\/1"}],"replies":[{"embeddable":true,"href":"https:\/\/www.kemipur.si\/index.php\/wp-json\/wp\/v2\/comments?post=3373"}],"version-history":[{"count":0,"href":"https:\/\/www.kemipur.si\/index.php\/wp-json\/wp\/v2\/pages\/3373\/revisions"}],"up":[{"embeddable":true,"href":"https:\/\/www.kemipur.si\/index.php\/wp-json\/wp\/v2\/pages\/1122"}],"wp:attachment":[{"href":"https:\/\/www.kemipur.si\/index.php\/wp-json\/wp\/v2\/media?parent=3373"}],"curies":[{"name":"wp","href":"https:\/\/api.w.org\/{rel}","templated":true}]}}