{"id":3358,"date":"2016-08-19T15:44:34","date_gmt":"2016-08-19T15:44:34","guid":{"rendered":"http:\/\/www.kemipur.si\/wpstrpo\/?page_id=3358"},"modified":"2016-08-19T15:44:34","modified_gmt":"2016-08-19T15:44:34","slug":"hidrocor","status":"publish","type":"page","link":"https:\/\/www.kemipur.si\/index.php\/proizvodi\/hidrocor\/","title":{"rendered":"HIDROCOR"},"content":{"rendered":"<div id='layer_slider_1' class='avia-layerslider main_color avia-shadow  container_wrap sidebar_right'    style='height: 151px;' ><\/div>\n<div style='padding-bottom:10px;' class='av-special-heading av-special-heading-h3   '><h3 class='av-special-heading-tag'  itemprop=\"headline\"  >HIDROCOR<\/h3><div class='special-heading-border'><div class='special-heading-inner-border' ><\/div><\/div><\/div>\n<section class=\"av_textblock_section\"  itemscope=\"itemscope\" itemtype=\"https:\/\/schema.org\/CreativeWork\" ><div class='avia_textblock '   itemprop=\"text\" ><p>Linija HIDROCOR<\/p>\n<p>zajema \u0161iroko paleto specifi\u010dnih proizvodov za tretma vode v industrijskih kro\u017enih in ogrevalnih sistemih, namenjenih predvsem za povr\u0161insko za\u0161\u010dito transportnih cevovodov industrijskih teko\u010din<\/p>\n<\/div><\/section>\n<div  class='hr hr-default '><span class='hr-inner ' ><span class='hr-inner-style'><\/span><\/span><\/div>\n<div class=\"flex_column av_one_half  flex_column_div first  \" ><section class=\"av_textblock_section\"  itemscope=\"itemscope\" itemtype=\"https:\/\/schema.org\/CreativeWork\" ><div class='avia_textblock '   itemprop=\"text\" ><p><strong>Linija vsebuje PRIMARNE ANORGANSKE FLOKULANTE<\/strong><\/p>\n<p>PRIMARNI ANORGANSKI FLOKULANTI<\/p>\n<p>HIDROFLOC PAC 180\u00a0 Aluminijev klorohidrat 18%<br \/>\nHIDROFLOC PAC 100\u00a0 Aluminijev klorohidrat 10%<br \/>\nHIDROFLOC C.F. 40\u00a0\u00a0\u00a0 \u017delezov klorid 40%<br \/>\nHIDROFLOC C.A. 100\u00a0 Aluminijev klorid 10%<br \/>\nHIDROFLOC S.F. 110\u00a0 \u017delezov sulfat\/klorid<br \/>\nHIDROFLOC A.S. 10\u00a0\u00a0\u00a0 natrijev aluminat<br \/>\nHIDROFLOC A.F. 101\u00a0 Zmes na osnovi soli Fe-Al<br \/>\nHIDROFLOC S.A. 80\u00a0\u00a0\u00a0 Aluminijev sulfat<br \/>\nHIDROFLOC C.F.E.\u00a0\u00a0\u00a0\u00a0\u00a0 \u017delezov klorid<br \/>\nHIDROFLOC S.F.E.\u00a0\u00a0\u00a0\u00a0\u00a0 \u017delezov sulfat<\/p>\n<p>ORGANSKI FLOKULANTII &#8211; POLIELEKTROLITI<\/p>\n<p>HIDROFLOC\u00a0 A \u00a0\u00a0\u00a0\u00a0\u00a0\u00a0\u00a0\u00a0\u00a0\u00a0 Anionski polielektroliti v prahu<br \/>\nHIDROFLOC\u00a0 C \u00a0 \u00a0 \u00a0 \u00a0 \u00a0 \u00a0Kationski polielektroliti v prahu<br \/>\nHIDROFLOC\u00a0 AL \u00a0 \u00a0 \u00a0 \u00a0 \u00a0Emulzija anionskih polielektrolitov<br \/>\nHIDROFLOC\u00a0 CL\u00a0\u00a0\u00a0\u00a0\u00a0\u00a0\u00a0\u00a0\u00a0 Emulzija kationskih polielektrolitov<\/p>\n<p>ORGANSKI KATIONSKI FLOKULANTI &#8211;\u00a0 POLIAMINI<\/p>\n<p>HIDROFLOC\u00a0 C 208<br \/>\nHIDROFLOC\u00a0 C 308\u00a0\u00a0\u00a0\u00a0 teko\u010di kationski polimeri, ki se uporabljajo za oljne emulzije, lo\u010devanje ma\u0161\u010dobe, odstranjevanje barv in posebne aplikacije<\/p>\n<\/div><\/section><\/div>\n<div class=\"flex_column av_one_half  flex_column_div av-zero-column-padding   \" style='border-radius:0px; '><section class=\"av_textblock_section\"  itemscope=\"itemscope\" itemtype=\"https:\/\/schema.org\/CreativeWork\" ><div class='avia_textblock '   itemprop=\"text\" ><p><strong>HIDROFLOC\u00a0 &#8211;\u00a0 Flokulanti posebne sestave<\/strong><\/p>\n<p>HIDROFLOC\u00a0 701-710-720-730 -740-750-780-790\u00a0\u00a0\u00a0\u00a0 Ve\u010dkomponentni proizvodi v prahu za fizikalno-kemijsko obdelavo odpadne vode<br \/>\nHIDROFLOC AP\u00a0\u00a0\u00a0\u00a0\u00a0\u00a0\u00a0\u00a0\u00a0\u00a0\u00a0 Raztopina na osnovi aluminijeve soli in kationskih polimerov<br \/>\nHIDROFLOC ADP &#8211; AD Organsko-kovinski proizvodi in kationske smole, zna\u010dilne pri \u010di\u0161\u010denju odpadne vode v tekstilni industriji<br \/>\nHIDROFLOC DISOIL\u00a0\u00a0\u00a0\u00a0 Anorganska raztopina za odstranjevanje emulzij<br \/>\nHIDROFLOC B.C.\u00a0\u00a0\u00a0\u00a0\u00a0\u00a0\u00a0\u00a0\u00a0 Primarni bento\u0161ki flokulant<br \/>\nHIDROFLOC MT\u00a0\u00a0\u00a0\u00a0\u00a0\u00a0\u00a0\u00a0\u00a0\u00a0 Kelatni polimer za dekompleksacijo kovin<\/p>\n<\/div><\/section><\/div>\n","protected":false},"excerpt":{"rendered":"","protected":false},"author":1,"featured_media":0,"parent":1122,"menu_order":0,"comment_status":"open","ping_status":"open","template":"","meta":{"footnotes":""},"yoast_head":"<!-- This site is optimized with the Yoast SEO plugin v22.7 - https:\/\/yoast.com\/wordpress\/plugins\/seo\/ -->\n<title>HIDROCOR - Kemipur.si<\/title>\n<meta name=\"robots\" content=\"index, follow, max-snippet:-1, max-image-preview:large, max-video-preview:-1\" \/>\n<link rel=\"canonical\" href=\"https:\/\/www.kemipur.si\/index.php\/proizvodi\/hidrocor\/\" \/>\n<meta property=\"og:locale\" content=\"en_US\" \/>\n<meta property=\"og:type\" content=\"article\" \/>\n<meta property=\"og:title\" content=\"HIDROCOR - Kemipur.si\" \/>\n<meta property=\"og:url\" content=\"https:\/\/www.kemipur.si\/index.php\/proizvodi\/hidrocor\/\" \/>\n<meta property=\"og:site_name\" content=\"Kemipur.si\" \/>\n<meta name=\"twitter:card\" content=\"summary_large_image\" \/>\n<meta name=\"twitter:label1\" content=\"Est. reading time\" \/>\n\t<meta name=\"twitter:data1\" content=\"2 minutes\" \/>\n<script type=\"application\/ld+json\" class=\"yoast-schema-graph\">{\"@context\":\"https:\/\/schema.org\",\"@graph\":[{\"@type\":\"WebPage\",\"@id\":\"https:\/\/www.kemipur.si\/index.php\/proizvodi\/hidrocor\/\",\"url\":\"https:\/\/www.kemipur.si\/index.php\/proizvodi\/hidrocor\/\",\"name\":\"HIDROCOR - Kemipur.si\",\"isPartOf\":{\"@id\":\"https:\/\/www.kemipur.si\/#website\"},\"datePublished\":\"2016-08-19T15:44:34+00:00\",\"dateModified\":\"2016-08-19T15:44:34+00:00\",\"breadcrumb\":{\"@id\":\"https:\/\/www.kemipur.si\/index.php\/proizvodi\/hidrocor\/#breadcrumb\"},\"inLanguage\":\"en-US\",\"potentialAction\":[{\"@type\":\"ReadAction\",\"target\":[\"https:\/\/www.kemipur.si\/index.php\/proizvodi\/hidrocor\/\"]}]},{\"@type\":\"BreadcrumbList\",\"@id\":\"https:\/\/www.kemipur.si\/index.php\/proizvodi\/hidrocor\/#breadcrumb\",\"itemListElement\":[{\"@type\":\"ListItem\",\"position\":1,\"name\":\"Home\",\"item\":\"https:\/\/www.kemipur.si\/\"},{\"@type\":\"ListItem\",\"position\":2,\"name\":\"Proizvodi\",\"item\":\"https:\/\/www.kemipur.si\/index.php\/proizvodi\/\"},{\"@type\":\"ListItem\",\"position\":3,\"name\":\"HIDROCOR\"}]},{\"@type\":\"WebSite\",\"@id\":\"https:\/\/www.kemipur.si\/#website\",\"url\":\"https:\/\/www.kemipur.si\/\",\"name\":\"Kemipur.si\",\"description\":\"Vse za predelavo vode\",\"potentialAction\":[{\"@type\":\"SearchAction\",\"target\":{\"@type\":\"EntryPoint\",\"urlTemplate\":\"https:\/\/www.kemipur.si\/?s={search_term_string}\"},\"query-input\":\"required name=search_term_string\"}],\"inLanguage\":\"en-US\"}]}<\/script>\n<!-- \/ Yoast SEO plugin. -->","yoast_head_json":{"title":"HIDROCOR - Kemipur.si","robots":{"index":"index","follow":"follow","max-snippet":"max-snippet:-1","max-image-preview":"max-image-preview:large","max-video-preview":"max-video-preview:-1"},"canonical":"https:\/\/www.kemipur.si\/index.php\/proizvodi\/hidrocor\/","og_locale":"en_US","og_type":"article","og_title":"HIDROCOR - Kemipur.si","og_url":"https:\/\/www.kemipur.si\/index.php\/proizvodi\/hidrocor\/","og_site_name":"Kemipur.si","twitter_card":"summary_large_image","twitter_misc":{"Est. reading time":"2 minutes"},"schema":{"@context":"https:\/\/schema.org","@graph":[{"@type":"WebPage","@id":"https:\/\/www.kemipur.si\/index.php\/proizvodi\/hidrocor\/","url":"https:\/\/www.kemipur.si\/index.php\/proizvodi\/hidrocor\/","name":"HIDROCOR - Kemipur.si","isPartOf":{"@id":"https:\/\/www.kemipur.si\/#website"},"datePublished":"2016-08-19T15:44:34+00:00","dateModified":"2016-08-19T15:44:34+00:00","breadcrumb":{"@id":"https:\/\/www.kemipur.si\/index.php\/proizvodi\/hidrocor\/#breadcrumb"},"inLanguage":"en-US","potentialAction":[{"@type":"ReadAction","target":["https:\/\/www.kemipur.si\/index.php\/proizvodi\/hidrocor\/"]}]},{"@type":"BreadcrumbList","@id":"https:\/\/www.kemipur.si\/index.php\/proizvodi\/hidrocor\/#breadcrumb","itemListElement":[{"@type":"ListItem","position":1,"name":"Home","item":"https:\/\/www.kemipur.si\/"},{"@type":"ListItem","position":2,"name":"Proizvodi","item":"https:\/\/www.kemipur.si\/index.php\/proizvodi\/"},{"@type":"ListItem","position":3,"name":"HIDROCOR"}]},{"@type":"WebSite","@id":"https:\/\/www.kemipur.si\/#website","url":"https:\/\/www.kemipur.si\/","name":"Kemipur.si","description":"Vse za predelavo vode","potentialAction":[{"@type":"SearchAction","target":{"@type":"EntryPoint","urlTemplate":"https:\/\/www.kemipur.si\/?s={search_term_string}"},"query-input":"required name=search_term_string"}],"inLanguage":"en-US"}]}},"jetpack_sharing_enabled":true,"_links":{"self":[{"href":"https:\/\/www.kemipur.si\/index.php\/wp-json\/wp\/v2\/pages\/3358"}],"collection":[{"href":"https:\/\/www.kemipur.si\/index.php\/wp-json\/wp\/v2\/pages"}],"about":[{"href":"https:\/\/www.kemipur.si\/index.php\/wp-json\/wp\/v2\/types\/page"}],"author":[{"embeddable":true,"href":"https:\/\/www.kemipur.si\/index.php\/wp-json\/wp\/v2\/users\/1"}],"replies":[{"embeddable":true,"href":"https:\/\/www.kemipur.si\/index.php\/wp-json\/wp\/v2\/comments?post=3358"}],"version-history":[{"count":0,"href":"https:\/\/www.kemipur.si\/index.php\/wp-json\/wp\/v2\/pages\/3358\/revisions"}],"up":[{"embeddable":true,"href":"https:\/\/www.kemipur.si\/index.php\/wp-json\/wp\/v2\/pages\/1122"}],"wp:attachment":[{"href":"https:\/\/www.kemipur.si\/index.php\/wp-json\/wp\/v2\/media?parent=3358"}],"curies":[{"name":"wp","href":"https:\/\/api.w.org\/{rel}","templated":true}]}}