{"id":3356,"date":"2016-08-19T15:43:26","date_gmt":"2016-08-19T15:43:26","guid":{"rendered":"http:\/\/www.kemipur.si\/wpstrpo\/?page_id=3356"},"modified":"2016-08-19T15:43:26","modified_gmt":"2016-08-19T15:43:26","slug":"hidrosan","status":"publish","type":"page","link":"https:\/\/www.kemipur.si\/index.php\/proizvodi\/hidrosan\/","title":{"rendered":"HIDROSAN"},"content":{"rendered":"<div id='layer_slider_1' class='avia-layerslider main_color avia-shadow  container_wrap sidebar_right'    style='height: 151px;' ><\/div>\n<div style='padding-bottom:10px;' class='av-special-heading av-special-heading-h3   '><h3 class='av-special-heading-tag'  itemprop=\"headline\"  >HIDROSAN<\/h3><div class='special-heading-border'><div class='special-heading-inner-border' ><\/div><\/div><\/div>\n<section class=\"av_textblock_section\"  itemscope=\"itemscope\" itemtype=\"https:\/\/schema.org\/CreativeWork\" ><div class='avia_textblock '   itemprop=\"text\" ><p>Linija HIDROSAN<\/p>\n<p><strong>HIDROSAN 50\u00a0<\/strong><\/p>\n<p>Raztopina perocetne kisline\u00a0Stabilizirana 15 % vodna raztopina\u00a0\u00a0\u00a0 Proizvod se pogosto uporablja za sterilizacijo naprav v \u017eivilski in farmacevtski industriji ter v bolni\u0161nicah.<br \/>\nProizvod se uporablja tudi za sanacijo odpadnih vod iz \u010distilnih naprav, da bi zagotovili njihovo \u2018\u2019varno\u2019\u2019 uporabo v kmetijstvu in izpust v povr\u0161inske vode.<\/p>\n<p><strong>HIDROSAN DETA GIN<\/strong><\/p>\n<p>Odi\u0161avljeno sanacijsko sredstvo<br \/>\nProizvod se uporablja v razli\u010dne namene pri obdelavi za zmanj\u0161evanje neprijetnih vonjav razkrajajo\u010dih organskih snovi, zlasti za prepre\u010devanje miazem, ki lahko nastanejo zaradi biolo\u0161kega blata, trdih komunalnih odpadkov, izcednih vod, komunalnih in industrijskih odpadnih vod\u00a0 ter v smetnjakih in komunalnih vozilih za odvoz odpadkov itd.<\/p>\n<p>.<\/p>\n<\/div><\/section>\n<div  class='hr hr-default '><span class='hr-inner ' ><span class='hr-inner-style'><\/span><\/span><\/div>\n<div class=\"flex_column av_one_half  flex_column_div first  \" ><section class=\"av_textblock_section\"  itemscope=\"itemscope\" itemtype=\"https:\/\/schema.org\/CreativeWork\" ><div class='avia_textblock '   itemprop=\"text\" ><p><strong>PROIZVODI ZA BAZENE\u00a0<\/strong><\/p>\n<p>pH MINUS\u00a0\u00a0\u00a0\u00a0\u00a0\u00a0\u00a0\u00a0\u00a0\u00a0\u00a0\u00a0\u00a0\u00a0\u00a0 sredstvo za uravnavanje pH vrednosti<br \/>\npH PLUS\u00a0\u00a0\u00a0\u00a0\u00a0\u00a0\u00a0\u00a0\u00a0\u00a0\u00a0\u00a0\u00a0\u00a0\u00a0\u00a0\u00a0 sredstvo za uravnavanje pH vrednosti<br \/>\nALGICID<br \/>\nFLOKULANT<br \/>\nKLOR\u00a0\u00a0\u00a0\u00a0\u00a0\u00a0\u00a0\u00a0\u00a0\u00a0\u00a0\u00a0\u00a0\u00a0\u00a0\u00a0\u00a0\u00a0\u00a0\u00a0\u00a0 v prahu ali tabletah<\/p>\n<\/div><\/section><\/div><div class=\"flex_column av_one_half  flex_column_div av-zero-column-padding   \" style='border-radius:0px; '><section class=\"av_textblock_section\"  itemscope=\"itemscope\" itemtype=\"https:\/\/schema.org\/CreativeWork\" ><div class='avia_textblock '   itemprop=\"text\" ><p>HIDROCLEAN\u00a0\u00a0\u00a0\u00a0\u00a0\u00a0\u00a0\u00a0\u00a0 razma\u0161\u010devalec<br \/>\nHIDROCAL\u00a0\u00a0\u00a0\u00a0\u00a0\u00a0\u00a0\u00a0\u00a0\u00a0\u00a0\u00a0\u00a0\u00a0 odstranjevalec vodnega kamna<br \/>\nHIDRIDICLOR\u00a0\u00a0\u00a0\u00a0\u00a0\u00a0\u00a0\u00a0\u00a0 razku\u017eevanje bazenske vode<br \/>\nHIDROTRICLOR\u00a0\u00a0\u00a0\u00a0\u00a0 razku\u017eevanje bazenske vode<br \/>\nVE\u010cNAMENSKO SREDSTVO\u00a0\u00a0\u00a0 tretma bazenske vode<\/p>\n<\/div><\/section><\/div><\/p>\n","protected":false},"excerpt":{"rendered":"","protected":false},"author":1,"featured_media":0,"parent":1122,"menu_order":0,"comment_status":"open","ping_status":"open","template":"","meta":{"footnotes":""},"yoast_head":"<!-- This site is optimized with the Yoast SEO plugin v22.7 - https:\/\/yoast.com\/wordpress\/plugins\/seo\/ -->\n<title>HIDROSAN - Kemipur.si<\/title>\n<meta name=\"robots\" content=\"index, follow, max-snippet:-1, max-image-preview:large, max-video-preview:-1\" \/>\n<link rel=\"canonical\" href=\"https:\/\/www.kemipur.si\/index.php\/proizvodi\/hidrosan\/\" \/>\n<meta property=\"og:locale\" content=\"en_US\" \/>\n<meta property=\"og:type\" content=\"article\" \/>\n<meta property=\"og:title\" content=\"HIDROSAN - Kemipur.si\" \/>\n<meta property=\"og:url\" content=\"https:\/\/www.kemipur.si\/index.php\/proizvodi\/hidrosan\/\" \/>\n<meta property=\"og:site_name\" content=\"Kemipur.si\" \/>\n<meta name=\"twitter:card\" content=\"summary_large_image\" \/>\n<meta name=\"twitter:label1\" content=\"Est. reading time\" \/>\n\t<meta name=\"twitter:data1\" content=\"2 minutes\" \/>\n<script type=\"application\/ld+json\" class=\"yoast-schema-graph\">{\"@context\":\"https:\/\/schema.org\",\"@graph\":[{\"@type\":\"WebPage\",\"@id\":\"https:\/\/www.kemipur.si\/index.php\/proizvodi\/hidrosan\/\",\"url\":\"https:\/\/www.kemipur.si\/index.php\/proizvodi\/hidrosan\/\",\"name\":\"HIDROSAN - Kemipur.si\",\"isPartOf\":{\"@id\":\"https:\/\/www.kemipur.si\/#website\"},\"datePublished\":\"2016-08-19T15:43:26+00:00\",\"dateModified\":\"2016-08-19T15:43:26+00:00\",\"breadcrumb\":{\"@id\":\"https:\/\/www.kemipur.si\/index.php\/proizvodi\/hidrosan\/#breadcrumb\"},\"inLanguage\":\"en-US\",\"potentialAction\":[{\"@type\":\"ReadAction\",\"target\":[\"https:\/\/www.kemipur.si\/index.php\/proizvodi\/hidrosan\/\"]}]},{\"@type\":\"BreadcrumbList\",\"@id\":\"https:\/\/www.kemipur.si\/index.php\/proizvodi\/hidrosan\/#breadcrumb\",\"itemListElement\":[{\"@type\":\"ListItem\",\"position\":1,\"name\":\"Home\",\"item\":\"https:\/\/www.kemipur.si\/\"},{\"@type\":\"ListItem\",\"position\":2,\"name\":\"Proizvodi\",\"item\":\"https:\/\/www.kemipur.si\/index.php\/proizvodi\/\"},{\"@type\":\"ListItem\",\"position\":3,\"name\":\"HIDROSAN\"}]},{\"@type\":\"WebSite\",\"@id\":\"https:\/\/www.kemipur.si\/#website\",\"url\":\"https:\/\/www.kemipur.si\/\",\"name\":\"Kemipur.si\",\"description\":\"Vse za predelavo vode\",\"potentialAction\":[{\"@type\":\"SearchAction\",\"target\":{\"@type\":\"EntryPoint\",\"urlTemplate\":\"https:\/\/www.kemipur.si\/?s={search_term_string}\"},\"query-input\":\"required name=search_term_string\"}],\"inLanguage\":\"en-US\"}]}<\/script>\n<!-- \/ Yoast SEO plugin. -->","yoast_head_json":{"title":"HIDROSAN - Kemipur.si","robots":{"index":"index","follow":"follow","max-snippet":"max-snippet:-1","max-image-preview":"max-image-preview:large","max-video-preview":"max-video-preview:-1"},"canonical":"https:\/\/www.kemipur.si\/index.php\/proizvodi\/hidrosan\/","og_locale":"en_US","og_type":"article","og_title":"HIDROSAN - Kemipur.si","og_url":"https:\/\/www.kemipur.si\/index.php\/proizvodi\/hidrosan\/","og_site_name":"Kemipur.si","twitter_card":"summary_large_image","twitter_misc":{"Est. reading time":"2 minutes"},"schema":{"@context":"https:\/\/schema.org","@graph":[{"@type":"WebPage","@id":"https:\/\/www.kemipur.si\/index.php\/proizvodi\/hidrosan\/","url":"https:\/\/www.kemipur.si\/index.php\/proizvodi\/hidrosan\/","name":"HIDROSAN - Kemipur.si","isPartOf":{"@id":"https:\/\/www.kemipur.si\/#website"},"datePublished":"2016-08-19T15:43:26+00:00","dateModified":"2016-08-19T15:43:26+00:00","breadcrumb":{"@id":"https:\/\/www.kemipur.si\/index.php\/proizvodi\/hidrosan\/#breadcrumb"},"inLanguage":"en-US","potentialAction":[{"@type":"ReadAction","target":["https:\/\/www.kemipur.si\/index.php\/proizvodi\/hidrosan\/"]}]},{"@type":"BreadcrumbList","@id":"https:\/\/www.kemipur.si\/index.php\/proizvodi\/hidrosan\/#breadcrumb","itemListElement":[{"@type":"ListItem","position":1,"name":"Home","item":"https:\/\/www.kemipur.si\/"},{"@type":"ListItem","position":2,"name":"Proizvodi","item":"https:\/\/www.kemipur.si\/index.php\/proizvodi\/"},{"@type":"ListItem","position":3,"name":"HIDROSAN"}]},{"@type":"WebSite","@id":"https:\/\/www.kemipur.si\/#website","url":"https:\/\/www.kemipur.si\/","name":"Kemipur.si","description":"Vse za predelavo vode","potentialAction":[{"@type":"SearchAction","target":{"@type":"EntryPoint","urlTemplate":"https:\/\/www.kemipur.si\/?s={search_term_string}"},"query-input":"required name=search_term_string"}],"inLanguage":"en-US"}]}},"jetpack_sharing_enabled":true,"_links":{"self":[{"href":"https:\/\/www.kemipur.si\/index.php\/wp-json\/wp\/v2\/pages\/3356"}],"collection":[{"href":"https:\/\/www.kemipur.si\/index.php\/wp-json\/wp\/v2\/pages"}],"about":[{"href":"https:\/\/www.kemipur.si\/index.php\/wp-json\/wp\/v2\/types\/page"}],"author":[{"embeddable":true,"href":"https:\/\/www.kemipur.si\/index.php\/wp-json\/wp\/v2\/users\/1"}],"replies":[{"embeddable":true,"href":"https:\/\/www.kemipur.si\/index.php\/wp-json\/wp\/v2\/comments?post=3356"}],"version-history":[{"count":0,"href":"https:\/\/www.kemipur.si\/index.php\/wp-json\/wp\/v2\/pages\/3356\/revisions"}],"up":[{"embeddable":true,"href":"https:\/\/www.kemipur.si\/index.php\/wp-json\/wp\/v2\/pages\/1122"}],"wp:attachment":[{"href":"https:\/\/www.kemipur.si\/index.php\/wp-json\/wp\/v2\/media?parent=3356"}],"curies":[{"name":"wp","href":"https:\/\/api.w.org\/{rel}","templated":true}]}}