{"id":3342,"date":"2016-08-19T14:18:12","date_gmt":"2016-08-19T14:18:12","guid":{"rendered":"http:\/\/www.kemipur.si\/wpstrpo\/?page_id=3342"},"modified":"2016-08-19T14:21:29","modified_gmt":"2016-08-19T14:21:29","slug":"hidrocoal","status":"publish","type":"page","link":"https:\/\/www.kemipur.si\/index.php\/proizvodi\/hidrocoal\/","title":{"rendered":"HIDROCOAL"},"content":{"rendered":"<div id='layer_slider_1' class='avia-layerslider main_color avia-shadow  container_wrap sidebar_right'    style='height: 151px;' ><\/div>\n<div style='padding-bottom:10px;' class='av-special-heading av-special-heading-h3    '><h3 class='av-special-heading-tag'  itemprop=\"headline\"  >HIDROCOAL<\/h3><div class='special-heading-border'><div class='special-heading-inner-border' ><\/div><\/div><\/div>\n<section class=\"av_textblock_section\"  itemscope=\"itemscope\" itemtype=\"https:\/\/schema.org\/CreativeWork\" ><div class='avia_textblock '   itemprop=\"text\" ><p>Linija HIDROCOAL<br \/>\nzajema \u0161iroko paleto AKTIVNEGA RUDNINSKEGA in RASTLINSKEGA OGLJA, ki se aktivira toplotno in\/ali kemi\u010dno.\u00a0Na voljo je v prahu, v obliki zrn ali peletov.\u00a0Uporablja se v postopkih \u010di\u0161\u010denja, barvanja, odstranjevanja KPK, absorpcije povr\u0161insko aktivnih snovi in organskih spojin<\/p>\n<blockquote>\n<p><em>Uporablja se na naslednjih podro\u010djih:<\/em><br \/>\n<em>farmacevtskem, \u017eivilskem, kemijskem in tekstilnem.<\/em><\/p>\n<\/blockquote>\n<\/div><\/section>\n<div  class='hr hr-default '><span class='hr-inner ' ><span class='hr-inner-style'><\/span><\/span><\/div>\n<div class=\"flex_column av_one_half  flex_column_div first  \" ><section class=\"av_textblock_section\"  itemscope=\"itemscope\" itemtype=\"https:\/\/schema.org\/CreativeWork\" ><div class='avia_textblock '   itemprop=\"text\" ><p>HIDROCOAL SP 12<br \/>\nRastlinsko oglje v prahu za uporabo v farmaciji<\/p>\n<p>HIDROCOAL SP 13<br \/>\nRastlinsko oglje v prahu<\/p>\n<p>HIDROCOAL SP 14<br \/>\nRastlinsko oglje v prahu za vode in dim iz se\u017eigalnic<\/p>\n<p>HIDROCOAL GZ8<br \/>\nRudninsko oglje v obliki zrn<\/p>\n<p>HIDROCOAL C 100<br \/>\nRastlinsko oglje v obliki zrn<\/p>\n<p>HIDROCOAL CL5<br \/>\nOglje v obliki peletov<\/p>\n<\/div><\/section><\/div>\n<div class=\"flex_column av_one_half  flex_column_div av-zero-column-padding   \" style='border-radius:0px; '><\/div>\n","protected":false},"excerpt":{"rendered":"","protected":false},"author":1,"featured_media":0,"parent":1122,"menu_order":0,"comment_status":"open","ping_status":"open","template":"","meta":{"footnotes":""},"yoast_head":"<!-- This site is optimized with the Yoast SEO plugin v22.7 - https:\/\/yoast.com\/wordpress\/plugins\/seo\/ -->\n<title>HIDROCOAL - Kemipur.si<\/title>\n<meta name=\"robots\" content=\"index, follow, max-snippet:-1, max-image-preview:large, max-video-preview:-1\" \/>\n<link rel=\"canonical\" href=\"https:\/\/www.kemipur.si\/index.php\/proizvodi\/hidrocoal\/\" \/>\n<meta property=\"og:locale\" content=\"en_US\" \/>\n<meta property=\"og:type\" content=\"article\" \/>\n<meta property=\"og:title\" content=\"HIDROCOAL - Kemipur.si\" \/>\n<meta property=\"og:url\" content=\"https:\/\/www.kemipur.si\/index.php\/proizvodi\/hidrocoal\/\" \/>\n<meta property=\"og:site_name\" content=\"Kemipur.si\" \/>\n<meta property=\"article:modified_time\" content=\"2016-08-19T14:21:29+00:00\" \/>\n<meta name=\"twitter:card\" content=\"summary_large_image\" \/>\n<meta name=\"twitter:label1\" content=\"Est. reading time\" \/>\n\t<meta name=\"twitter:data1\" content=\"1 minute\" \/>\n<script type=\"application\/ld+json\" class=\"yoast-schema-graph\">{\"@context\":\"https:\/\/schema.org\",\"@graph\":[{\"@type\":\"WebPage\",\"@id\":\"https:\/\/www.kemipur.si\/index.php\/proizvodi\/hidrocoal\/\",\"url\":\"https:\/\/www.kemipur.si\/index.php\/proizvodi\/hidrocoal\/\",\"name\":\"HIDROCOAL - Kemipur.si\",\"isPartOf\":{\"@id\":\"https:\/\/www.kemipur.si\/#website\"},\"datePublished\":\"2016-08-19T14:18:12+00:00\",\"dateModified\":\"2016-08-19T14:21:29+00:00\",\"breadcrumb\":{\"@id\":\"https:\/\/www.kemipur.si\/index.php\/proizvodi\/hidrocoal\/#breadcrumb\"},\"inLanguage\":\"en-US\",\"potentialAction\":[{\"@type\":\"ReadAction\",\"target\":[\"https:\/\/www.kemipur.si\/index.php\/proizvodi\/hidrocoal\/\"]}]},{\"@type\":\"BreadcrumbList\",\"@id\":\"https:\/\/www.kemipur.si\/index.php\/proizvodi\/hidrocoal\/#breadcrumb\",\"itemListElement\":[{\"@type\":\"ListItem\",\"position\":1,\"name\":\"Home\",\"item\":\"https:\/\/www.kemipur.si\/\"},{\"@type\":\"ListItem\",\"position\":2,\"name\":\"Proizvodi\",\"item\":\"https:\/\/www.kemipur.si\/index.php\/proizvodi\/\"},{\"@type\":\"ListItem\",\"position\":3,\"name\":\"HIDROCOAL\"}]},{\"@type\":\"WebSite\",\"@id\":\"https:\/\/www.kemipur.si\/#website\",\"url\":\"https:\/\/www.kemipur.si\/\",\"name\":\"Kemipur.si\",\"description\":\"Vse za predelavo vode\",\"potentialAction\":[{\"@type\":\"SearchAction\",\"target\":{\"@type\":\"EntryPoint\",\"urlTemplate\":\"https:\/\/www.kemipur.si\/?s={search_term_string}\"},\"query-input\":\"required name=search_term_string\"}],\"inLanguage\":\"en-US\"}]}<\/script>\n<!-- \/ Yoast SEO plugin. -->","yoast_head_json":{"title":"HIDROCOAL - Kemipur.si","robots":{"index":"index","follow":"follow","max-snippet":"max-snippet:-1","max-image-preview":"max-image-preview:large","max-video-preview":"max-video-preview:-1"},"canonical":"https:\/\/www.kemipur.si\/index.php\/proizvodi\/hidrocoal\/","og_locale":"en_US","og_type":"article","og_title":"HIDROCOAL - Kemipur.si","og_url":"https:\/\/www.kemipur.si\/index.php\/proizvodi\/hidrocoal\/","og_site_name":"Kemipur.si","article_modified_time":"2016-08-19T14:21:29+00:00","twitter_card":"summary_large_image","twitter_misc":{"Est. reading time":"1 minute"},"schema":{"@context":"https:\/\/schema.org","@graph":[{"@type":"WebPage","@id":"https:\/\/www.kemipur.si\/index.php\/proizvodi\/hidrocoal\/","url":"https:\/\/www.kemipur.si\/index.php\/proizvodi\/hidrocoal\/","name":"HIDROCOAL - Kemipur.si","isPartOf":{"@id":"https:\/\/www.kemipur.si\/#website"},"datePublished":"2016-08-19T14:18:12+00:00","dateModified":"2016-08-19T14:21:29+00:00","breadcrumb":{"@id":"https:\/\/www.kemipur.si\/index.php\/proizvodi\/hidrocoal\/#breadcrumb"},"inLanguage":"en-US","potentialAction":[{"@type":"ReadAction","target":["https:\/\/www.kemipur.si\/index.php\/proizvodi\/hidrocoal\/"]}]},{"@type":"BreadcrumbList","@id":"https:\/\/www.kemipur.si\/index.php\/proizvodi\/hidrocoal\/#breadcrumb","itemListElement":[{"@type":"ListItem","position":1,"name":"Home","item":"https:\/\/www.kemipur.si\/"},{"@type":"ListItem","position":2,"name":"Proizvodi","item":"https:\/\/www.kemipur.si\/index.php\/proizvodi\/"},{"@type":"ListItem","position":3,"name":"HIDROCOAL"}]},{"@type":"WebSite","@id":"https:\/\/www.kemipur.si\/#website","url":"https:\/\/www.kemipur.si\/","name":"Kemipur.si","description":"Vse za predelavo vode","potentialAction":[{"@type":"SearchAction","target":{"@type":"EntryPoint","urlTemplate":"https:\/\/www.kemipur.si\/?s={search_term_string}"},"query-input":"required name=search_term_string"}],"inLanguage":"en-US"}]}},"jetpack_sharing_enabled":true,"_links":{"self":[{"href":"https:\/\/www.kemipur.si\/index.php\/wp-json\/wp\/v2\/pages\/3342"}],"collection":[{"href":"https:\/\/www.kemipur.si\/index.php\/wp-json\/wp\/v2\/pages"}],"about":[{"href":"https:\/\/www.kemipur.si\/index.php\/wp-json\/wp\/v2\/types\/page"}],"author":[{"embeddable":true,"href":"https:\/\/www.kemipur.si\/index.php\/wp-json\/wp\/v2\/users\/1"}],"replies":[{"embeddable":true,"href":"https:\/\/www.kemipur.si\/index.php\/wp-json\/wp\/v2\/comments?post=3342"}],"version-history":[{"count":0,"href":"https:\/\/www.kemipur.si\/index.php\/wp-json\/wp\/v2\/pages\/3342\/revisions"}],"up":[{"embeddable":true,"href":"https:\/\/www.kemipur.si\/index.php\/wp-json\/wp\/v2\/pages\/1122"}],"wp:attachment":[{"href":"https:\/\/www.kemipur.si\/index.php\/wp-json\/wp\/v2\/media?parent=3342"}],"curies":[{"name":"wp","href":"https:\/\/api.w.org\/{rel}","templated":true}]}}