{"id":3338,"date":"2016-08-19T14:15:06","date_gmt":"2016-08-19T14:15:06","guid":{"rendered":"http:\/\/www.kemipur.si\/wpstrpo\/?page_id=3338"},"modified":"2016-08-19T14:16:16","modified_gmt":"2016-08-19T14:16:16","slug":"hidrofoam","status":"publish","type":"page","link":"https:\/\/www.kemipur.si\/index.php\/proizvodi\/hidrofoam\/","title":{"rendered":"HIDROFOAM"},"content":{"rendered":"<div id='layer_slider_1' class='avia-layerslider main_color avia-shadow  container_wrap sidebar_right'    style='height: 151px;' ><\/div>\n<div style='padding-bottom:10px;' class='av-special-heading av-special-heading-h3    '><h3 class='av-special-heading-tag'  itemprop=\"headline\"  >HIDROFOAM<\/h3><div class='special-heading-border'><div class='special-heading-inner-border' ><\/div><\/div><\/div>\n<section class=\"av_textblock_section\"  itemscope=\"itemscope\" itemtype=\"https:\/\/schema.org\/CreativeWork\" ><div class='avia_textblock '   itemprop=\"text\" ><p>Linije HIDROFOAM<\/p>\n<p>zajema vrsto SREDSTEV ZA PREPRE\u010cEVANJE PENJENJA in NASTAJANJA MEHUR\u010cKOV na\u0161e izdelave, ki odpravijo te\u017eave zaradi nastajanja pene tako v komunalnih in industrijskih odpadnih vodah kot v \u0161tevilnih proizvodnih sektorjih<\/p>\n<\/div><\/section>\n<div  class='hr hr-default '><span class='hr-inner ' ><span class='hr-inner-style'><\/span><\/span><\/div>\n<div class=\"flex_column av_one_half  flex_column_div first  \" ><section class=\"av_textblock_section\"  itemscope=\"itemscope\" itemtype=\"https:\/\/schema.org\/CreativeWork\" ><div class='avia_textblock '   itemprop=\"text\" ><p>HIDROFOAM\u00a0 ASS<br \/>\nSilikonsko sredstvo za prepre\u010devanje penjenja v prahu<\/p>\n<p>HIDROFOAM\u00a0 S 20<br \/>\nEmulzija silikonskega sredstva za prepre\u010devanje penjenja<\/p>\n<p>HIDROFOAM\u00a0 V\/C<br \/>\nEmulzija nesilikonskega sredstva za prepre\u010devanje penjenja<\/p>\n<p>HIDROFOAM\u00a0 BIOBIN<br \/>\nEmulzija nesilikonskega sredstva za prepre\u010devanje penjenja<\/p>\n<p>HIDROFOAM\u00a0 C 160<br \/>\nEmulzija nesilikonskega sredstva za prepre\u010devanje penjenja za papirno industrij<\/p>\n<\/div><\/section><\/div><div class=\"flex_column av_one_half  flex_column_div av-zero-column-padding   \" style='border-radius:0px; '><section class=\"av_textblock_section\"  itemscope=\"itemscope\" itemtype=\"https:\/\/schema.org\/CreativeWork\" ><div class='avia_textblock '   itemprop=\"text\" ><p>HIDROFOAM\u00a0 3000<br \/>\nSredstvo za prepre\u010devanje penjenja v prahu na oljni osnovi<\/p>\n<p>HIDROFOAM\u00a0 SIGE 33\/7<br \/>\nSredstvo za prepre\u010devanje penjenja v prahu na oljni osnovi<\/p>\n<p>HIDROFOAM\u00a0 VO\/1<br \/>\nSredstvo za prepre\u010devanje penjenja v prahu na oljni osnovi<\/p>\n<p>HIDROFOAM\u00a0 NTE &#8211; BTE<br \/>\nSredstvo za prepre\u010devanje penjenja v prahu na osnovi olj, ki ne vsebujejo povr\u0161insko aktivnih snovi<\/p>\n<\/div><\/section><\/div><\/p>\n","protected":false},"excerpt":{"rendered":"","protected":false},"author":1,"featured_media":0,"parent":1122,"menu_order":0,"comment_status":"open","ping_status":"open","template":"","meta":{"footnotes":""},"yoast_head":"<!-- This site is optimized with the Yoast SEO plugin v22.7 - https:\/\/yoast.com\/wordpress\/plugins\/seo\/ -->\n<title>HIDROFOAM - Kemipur.si<\/title>\n<meta name=\"robots\" content=\"index, follow, max-snippet:-1, max-image-preview:large, max-video-preview:-1\" \/>\n<link rel=\"canonical\" href=\"https:\/\/www.kemipur.si\/index.php\/proizvodi\/hidrofoam\/\" \/>\n<meta property=\"og:locale\" content=\"en_US\" \/>\n<meta property=\"og:type\" content=\"article\" \/>\n<meta property=\"og:title\" content=\"HIDROFOAM - Kemipur.si\" \/>\n<meta property=\"og:url\" content=\"https:\/\/www.kemipur.si\/index.php\/proizvodi\/hidrofoam\/\" \/>\n<meta property=\"og:site_name\" content=\"Kemipur.si\" \/>\n<meta property=\"article:modified_time\" content=\"2016-08-19T14:16:16+00:00\" \/>\n<meta name=\"twitter:card\" content=\"summary_large_image\" \/>\n<meta name=\"twitter:label1\" content=\"Est. reading time\" \/>\n\t<meta name=\"twitter:data1\" content=\"2 minutes\" \/>\n<script type=\"application\/ld+json\" class=\"yoast-schema-graph\">{\"@context\":\"https:\/\/schema.org\",\"@graph\":[{\"@type\":\"WebPage\",\"@id\":\"https:\/\/www.kemipur.si\/index.php\/proizvodi\/hidrofoam\/\",\"url\":\"https:\/\/www.kemipur.si\/index.php\/proizvodi\/hidrofoam\/\",\"name\":\"HIDROFOAM - Kemipur.si\",\"isPartOf\":{\"@id\":\"https:\/\/www.kemipur.si\/#website\"},\"datePublished\":\"2016-08-19T14:15:06+00:00\",\"dateModified\":\"2016-08-19T14:16:16+00:00\",\"breadcrumb\":{\"@id\":\"https:\/\/www.kemipur.si\/index.php\/proizvodi\/hidrofoam\/#breadcrumb\"},\"inLanguage\":\"en-US\",\"potentialAction\":[{\"@type\":\"ReadAction\",\"target\":[\"https:\/\/www.kemipur.si\/index.php\/proizvodi\/hidrofoam\/\"]}]},{\"@type\":\"BreadcrumbList\",\"@id\":\"https:\/\/www.kemipur.si\/index.php\/proizvodi\/hidrofoam\/#breadcrumb\",\"itemListElement\":[{\"@type\":\"ListItem\",\"position\":1,\"name\":\"Home\",\"item\":\"https:\/\/www.kemipur.si\/\"},{\"@type\":\"ListItem\",\"position\":2,\"name\":\"Proizvodi\",\"item\":\"https:\/\/www.kemipur.si\/index.php\/proizvodi\/\"},{\"@type\":\"ListItem\",\"position\":3,\"name\":\"HIDROFOAM\"}]},{\"@type\":\"WebSite\",\"@id\":\"https:\/\/www.kemipur.si\/#website\",\"url\":\"https:\/\/www.kemipur.si\/\",\"name\":\"Kemipur.si\",\"description\":\"Vse za predelavo vode\",\"potentialAction\":[{\"@type\":\"SearchAction\",\"target\":{\"@type\":\"EntryPoint\",\"urlTemplate\":\"https:\/\/www.kemipur.si\/?s={search_term_string}\"},\"query-input\":\"required name=search_term_string\"}],\"inLanguage\":\"en-US\"}]}<\/script>\n<!-- \/ Yoast SEO plugin. -->","yoast_head_json":{"title":"HIDROFOAM - Kemipur.si","robots":{"index":"index","follow":"follow","max-snippet":"max-snippet:-1","max-image-preview":"max-image-preview:large","max-video-preview":"max-video-preview:-1"},"canonical":"https:\/\/www.kemipur.si\/index.php\/proizvodi\/hidrofoam\/","og_locale":"en_US","og_type":"article","og_title":"HIDROFOAM - Kemipur.si","og_url":"https:\/\/www.kemipur.si\/index.php\/proizvodi\/hidrofoam\/","og_site_name":"Kemipur.si","article_modified_time":"2016-08-19T14:16:16+00:00","twitter_card":"summary_large_image","twitter_misc":{"Est. reading time":"2 minutes"},"schema":{"@context":"https:\/\/schema.org","@graph":[{"@type":"WebPage","@id":"https:\/\/www.kemipur.si\/index.php\/proizvodi\/hidrofoam\/","url":"https:\/\/www.kemipur.si\/index.php\/proizvodi\/hidrofoam\/","name":"HIDROFOAM - Kemipur.si","isPartOf":{"@id":"https:\/\/www.kemipur.si\/#website"},"datePublished":"2016-08-19T14:15:06+00:00","dateModified":"2016-08-19T14:16:16+00:00","breadcrumb":{"@id":"https:\/\/www.kemipur.si\/index.php\/proizvodi\/hidrofoam\/#breadcrumb"},"inLanguage":"en-US","potentialAction":[{"@type":"ReadAction","target":["https:\/\/www.kemipur.si\/index.php\/proizvodi\/hidrofoam\/"]}]},{"@type":"BreadcrumbList","@id":"https:\/\/www.kemipur.si\/index.php\/proizvodi\/hidrofoam\/#breadcrumb","itemListElement":[{"@type":"ListItem","position":1,"name":"Home","item":"https:\/\/www.kemipur.si\/"},{"@type":"ListItem","position":2,"name":"Proizvodi","item":"https:\/\/www.kemipur.si\/index.php\/proizvodi\/"},{"@type":"ListItem","position":3,"name":"HIDROFOAM"}]},{"@type":"WebSite","@id":"https:\/\/www.kemipur.si\/#website","url":"https:\/\/www.kemipur.si\/","name":"Kemipur.si","description":"Vse za predelavo vode","potentialAction":[{"@type":"SearchAction","target":{"@type":"EntryPoint","urlTemplate":"https:\/\/www.kemipur.si\/?s={search_term_string}"},"query-input":"required name=search_term_string"}],"inLanguage":"en-US"}]}},"jetpack_sharing_enabled":true,"_links":{"self":[{"href":"https:\/\/www.kemipur.si\/index.php\/wp-json\/wp\/v2\/pages\/3338"}],"collection":[{"href":"https:\/\/www.kemipur.si\/index.php\/wp-json\/wp\/v2\/pages"}],"about":[{"href":"https:\/\/www.kemipur.si\/index.php\/wp-json\/wp\/v2\/types\/page"}],"author":[{"embeddable":true,"href":"https:\/\/www.kemipur.si\/index.php\/wp-json\/wp\/v2\/users\/1"}],"replies":[{"embeddable":true,"href":"https:\/\/www.kemipur.si\/index.php\/wp-json\/wp\/v2\/comments?post=3338"}],"version-history":[{"count":0,"href":"https:\/\/www.kemipur.si\/index.php\/wp-json\/wp\/v2\/pages\/3338\/revisions"}],"up":[{"embeddable":true,"href":"https:\/\/www.kemipur.si\/index.php\/wp-json\/wp\/v2\/pages\/1122"}],"wp:attachment":[{"href":"https:\/\/www.kemipur.si\/index.php\/wp-json\/wp\/v2\/media?parent=3338"}],"curies":[{"name":"wp","href":"https:\/\/api.w.org\/{rel}","templated":true}]}}